{"id":7229,"date":"2020-11-03T20:42:54","date_gmt":"2020-11-03T19:42:54","guid":{"rendered":"https:\/\/dragzini.com\/preisgestaltung\/"},"modified":"2025-10-11T10:35:10","modified_gmt":"2025-10-11T08:35:10","slug":"preisgestaltung","status":"publish","type":"page","link":"https:\/\/dragzini.com\/de\/preisgestaltung\/","title":{"rendered":"Preisgestaltung"},"content":{"rendered":"\t\t<div data-elementor-type=\"wp-page\" data-elementor-id=\"7229\" class=\"elementor elementor-7229 elementor-5775\">\n\t\t\t\t\t\t<main class=\"elementor-section elementor-top-section elementor-element elementor-element-d35add0 elementor-section-full_width responsive-page elementor-section-height-default elementor-section-height-default\" data-id=\"d35add0\" data-element_type=\"section\">\r\n\t\t\t\t\t\t<div class=\"elementor-container elementor-column-gap-no\"><div class=\"elementor-row\">\r\n\t\t\t\t\t<div class=\"elementor-column elementor-col-50 elementor-top-column elementor-element elementor-element-8ec4a3b\" data-id=\"8ec4a3b\" data-element_type=\"column\">\n\t\t\t<div class=\"elementor-widget-wrap elementor-element-populated\">\n\t\t\t\t\t\t<div class=\"elementor-element elementor-element-0f66ab3 flex-horizontal-align-default flex-horizontal-align-tablet-default flex-horizontal-align-mobile-default flex-vertical-align-default flex-vertical-align-tablet-default flex-vertical-align-mobile-default elementor-widget elementor-widget-thegem-styledimage\" data-id=\"0f66ab3\" data-element_type=\"widget\" data-settings=\"{&quot;image&quot;:{&quot;url&quot;:&quot;https:\\\/\\\/dragzini.com\\\/wp-content\\\/uploads\\\/2020\\\/11\\\/2.jpg&quot;,&quot;id&quot;:3510,&quot;size&quot;:&quot;&quot;},&quot;thegem_elementor_preset&quot;:&quot;default&quot;,&quot;image_position&quot;:&quot;left&quot;}\" data-widget_type=\"thegem-styledimage.default\">\n\t\t\t\t<div class=\"elementor-widget-container\">\n\t\t\t\t\t\n<div class=\"styled-image-wrapper\">\n\t\t\t<div class=\"gem-image gem-wrapbox gem-wrapbox-default gem-wrapbox-position-left lazy-loading \">\n\t\t\t<div class=\"gem-wrapbox-inner  lazy-loading-item\"  data-ll-effect=\"move-up\">\n\t\t\t\t\t\t\t\t\t<img class=\"gem-wrapbox-element img-responsive \"\n\t\t\t\t\t\t src=\"https:\/\/dragzini.com\/wp-content\/uploads\/2020\/11\/2.jpg\"\n\t\t\t\t\t\t alt=\"2 (Demo)\">\n\t\t\t\t\t\t\t\t<\/div>\n\t\t<\/div>\n\t\t<\/div>\n\n\n\t\n\t\t\t\t\t\t<\/div>\n\t\t\t\t<\/div>\n\t\t\t\t\t<\/div>\n\t\t<\/div>\n\t\t\t\t<div class=\"elementor-column elementor-col-50 elementor-top-column elementor-element elementor-element-1dab0c8\" data-id=\"1dab0c8\" data-element_type=\"column\">\n\t\t\t<div class=\"elementor-widget-wrap elementor-element-populated\">\n\t\t\t\t\t\t<div class=\"elementor-element elementor-element-9736697 elementor-widget__width-initial flex-horizontal-align-default flex-horizontal-align-tablet-default flex-horizontal-align-mobile-default flex-vertical-align-default flex-vertical-align-tablet-default flex-vertical-align-mobile-default elementor-widget elementor-widget-thegem-counter\" data-id=\"9736697\" data-element_type=\"widget\" data-settings=\"{&quot;thegem_elementor_preset&quot;:&quot;counter-preset1&quot;,&quot;counter_animation_enabled&quot;:&quot;yes&quot;}\" data-widget_type=\"thegem-counter.default\">\n\t\t\t\t<div class=\"elementor-widget-container\">\n\t\t\t\t\t\n\t\t<div class=\"counter-preset1\">\n\t\t\t<div class=\"gem-counter-container\">\n\n                <div class=\"preloader\"><div class=\"preloader-spin\"><\/div><\/div>\n\n\t\t\t\t\n\n<div data-number-format=\"(ddd).ddd\" class=\"gem-counter-box\">\n\t<div class=\"gem-counter\">\n\t\t<div class=\"gem-counter-inner\">\n\t\t\t\t\t\t<div class=\"gem-counter-number\">\n\t\t\t\t<div class=\"gem-counter-odometer odometer odometer-auto-theme\" data-to=\"100\">\n\t\t\t\t\t\t\t\t\t\t\t0\t\t\t\t\t\t\t\t\t<\/div>\n\t\t\t\t\t\t\t\t\t<div class=\"gem-counter-suffix \">\n\t\t\t\t\t\t+\t\t\t\t\t<\/div>\n\t\t\t\t\t\t\t<\/div>\n\t\t\t<div class=\"gem-counter-text styled-subtitle\">\n\t\t\t\tAbgeschlossene Projekte\t\t\t<\/div>\n\t\t<\/div>\n\t<\/div>\n\t<\/div>\t\t\t<\/div>\n\t\t<\/div>\n\n\t\t\t\t\t\t<\/div>\n\t\t\t\t<\/div>\n\t\t\t\t\t<\/div>\n\t\t<\/div>\n\t\t\t\t\t<\/div><\/div>\r\n\t\t<\/main>\r\n\t\t\t\t<section class=\"elementor-section elementor-top-section elementor-element elementor-element-5445524 elementor-section-boxed elementor-section-height-default elementor-section-height-default\" data-id=\"5445524\" data-element_type=\"section\">\r\n\t\t\t\t\t\t<div class=\"elementor-container elementor-column-gap-thegem\"><div class=\"elementor-row\">\r\n\t\t\t\t\t<div class=\"elementor-column elementor-col-100 elementor-top-column elementor-element elementor-element-8e081c8\" data-id=\"8e081c8\" data-element_type=\"column\">\n\t\t\t<div class=\"elementor-widget-wrap elementor-element-populated\">\n\t\t\t\t\t\t<div class=\"elementor-element elementor-element-81306ab flex-horizontal-align-default flex-horizontal-align-tablet-default flex-horizontal-align-mobile-default flex-vertical-align-default flex-vertical-align-tablet-default flex-vertical-align-mobile-default elementor-widget elementor-widget-heading\" data-id=\"81306ab\" data-element_type=\"widget\" data-widget_type=\"heading.default\">\n\t\t\t\t<div class=\"elementor-widget-container\">\n\t\t\t\t\t<div class=\"styled-subtitle elementor-heading-title elementor-size-default\">PREISE<\/div>\t\t\t\t<\/div>\n\t\t\t\t<\/div>\n\t\t\t\t<div class=\"elementor-element elementor-element-ed34fdc elementor-widget__width-initial flex-horizontal-align-default flex-horizontal-align-tablet-default flex-horizontal-align-mobile-default flex-vertical-align-default flex-vertical-align-tablet-default flex-vertical-align-mobile-default elementor-widget elementor-widget-heading\" data-id=\"ed34fdc\" data-element_type=\"widget\" data-widget_type=\"heading.default\">\n\t\t\t\t<div class=\"elementor-widget-container\">\n\t\t\t\t\t<div class=\"title-h2 elementor-heading-title elementor-size-default\">F\u00fcllen Sie das folgende Formular aus, um uns ungef\u00e4hre Angaben zu der von Ihnen gew\u00fcnschten Website zu machen und Sie erhalten das bestm\u00f6gliche Angebot!\n<\/div>\t\t\t\t<\/div>\n\t\t\t\t<\/div>\n\t\t\t\t<div class=\"elementor-element elementor-element-574ea7d elementor-widget__width-initial flex-horizontal-align-default flex-horizontal-align-tablet-default flex-horizontal-align-mobile-default flex-vertical-align-default flex-vertical-align-tablet-default flex-vertical-align-mobile-default elementor-widget elementor-widget-thegem-contact-form7\" data-id=\"574ea7d\" data-element_type=\"widget\" data-settings=\"{&quot;thegem_elementor_preset&quot;:&quot;default&quot;}\" data-widget_type=\"thegem-contact-form7.default\">\n\t\t\t\t<div class=\"elementor-widget-container\">\n\t\t\t\t\t\n<div class=\"wpcf7 no-js\" id=\"wpcf7-f7298-o1\" lang=\"en-US\" dir=\"ltr\" data-wpcf7-id=\"7298\">\n<div class=\"screen-reader-response\"><p role=\"status\" aria-live=\"polite\" aria-atomic=\"true\"><\/p> <ul><\/ul><\/div>\n<form action=\"\/de\/wp-json\/wp\/v2\/pages\/7229#wpcf7-f7298-o1\" method=\"post\" class=\"wpcf7-form init thegem-cf7 form-574ea7d label-top\" aria-label=\"Contact form\" novalidate=\"novalidate\" data-status=\"init\">\n<fieldset class=\"hidden-fields-container\"><input type=\"hidden\" name=\"_wpcf7\" value=\"7298\" \/><input type=\"hidden\" name=\"_wpcf7_version\" value=\"6.1.4\" \/><input type=\"hidden\" name=\"_wpcf7_locale\" value=\"en_US\" \/><input type=\"hidden\" name=\"_wpcf7_unit_tag\" value=\"wpcf7-f7298-o1\" \/><input type=\"hidden\" name=\"_wpcf7_container_post\" value=\"0\" \/><input type=\"hidden\" name=\"_wpcf7_posted_data_hash\" value=\"\" \/><input type=\"hidden\" name=\"_wpcf7_recaptcha_response\" value=\"\" \/>\n<\/fieldset>\n<div style=\"margin-top: 20px;\"><label>  Ich bin\n     <span class=\"wpcf7-form-control-wrap\" data-name=\"tip\"><select class=\"wpcf7-form-control wpcf7-select\" aria-invalid=\"false\" name=\"tip\"><option value=\"\"><\/option><option value=\"Nat\u00fcrliche Person\">Nat\u00fcrliche Person<\/option><option value=\"Juristische Person\">Juristische Person<\/option><\/select><\/span><\/label><\/div>\n\n<div style=\"margin-top: 20px;\"><label>  Vor- und Nachname bzw. Firmenname\n    <span class=\"wpcf7-form-control-wrap\" data-name=\"vase-ime\"><input size=\"40\" maxlength=\"400\" class=\"wpcf7-form-control wpcf7-text wpcf7-validates-as-required\" aria-required=\"true\" aria-invalid=\"false\" value=\"\" type=\"text\" name=\"vase-ime\" \/><\/span> <\/label><\/div>\n\n<label> Ihre E-Mail\n    <span class=\"wpcf7-form-control-wrap\" data-name=\"vas-email\"><input size=\"40\" maxlength=\"400\" class=\"wpcf7-form-control wpcf7-email wpcf7-validates-as-required wpcf7-text wpcf7-validates-as-email\" aria-required=\"true\" aria-invalid=\"false\" value=\"\" type=\"email\" name=\"vas-email\" \/><\/span> <\/label>\n\n<div style=\"margin-top: 20px;\"><label> Telefonnummer\n   <span class=\"wpcf7-form-control-wrap\" data-name=\"tel-00\"><input size=\"40\" maxlength=\"400\" class=\"wpcf7-form-control wpcf7-tel wpcf7-text wpcf7-validates-as-tel\" aria-invalid=\"false\" placeholder=\"06XXXXXXXX\" value=\"\" type=\"tel\" name=\"tel-00\" \/><\/span> <\/label><\/div>\n\n<div style=\"margin-top: 20px;\"><label> Ihre Aktivit\u00e4t\n    <span class=\"wpcf7-form-control-wrap\" data-name=\"delatnost\"><input size=\"40\" maxlength=\"400\" class=\"wpcf7-form-control wpcf7-text\" aria-invalid=\"false\" value=\"\" type=\"text\" name=\"delatnost\" \/><\/span> <\/label><\/div>\n\n<div style=\"margin-top: 20px;\"><label> Ihre Website-Adresse (falls vorhanden)\n   <span class=\"wpcf7-form-control-wrap\" data-name=\"adesa-firme\"><input size=\"40\" maxlength=\"400\" class=\"wpcf7-form-control wpcf7-url wpcf7-text wpcf7-validates-as-url\" aria-invalid=\"false\" placeholder=\"www.ihr-unternehmen.com\" value=\"\" type=\"url\" name=\"adesa-firme\" \/><\/span> <\/label><\/div>\n\n<div style=\"margin-top: 20px;\">Ich m\u00f6chte es schaffen\n   <span class=\"wpcf7-form-control-wrap\" data-name=\"Proizvod\"><span class=\"wpcf7-form-control wpcf7-checkbox\"><span class=\"wpcf7-list-item first\"><label><input type=\"checkbox\" name=\"Proizvod[]\" value=\"Webseite\" \/><span class=\"wpcf7-list-item-label\">Webseite<\/span><\/label><\/span><span class=\"wpcf7-list-item\"><label><input type=\"checkbox\" name=\"Proizvod[]\" value=\"Online-Shops\" \/><span class=\"wpcf7-list-item-label\">Online-Shops<\/span><\/label><\/span><span class=\"wpcf7-list-item\"><label><input type=\"checkbox\" name=\"Proizvod[]\" value=\"Der Blog\" \/><span class=\"wpcf7-list-item-label\">Der Blog<\/span><\/label><\/span><span class=\"wpcf7-list-item last\"><label><input type=\"checkbox\" name=\"Proizvod[]\" value=\"Andere\" \/><span class=\"wpcf7-list-item-label\">Andere<\/span><\/label><\/span><\/span><\/span><\/div>\n\n<div style=\"margin-top: 20px;\"><label>Wie viele Seiten soll die neue Site\/der neue Shop ungef\u00e4hr haben?\n    <span class=\"wpcf7-form-control-wrap\" data-name=\"Broj-stranica\"><input class=\"wpcf7-form-control wpcf7-number wpcf7-validates-as-number\" min=\"1\" max=\"100\" aria-invalid=\"false\" value=\"\" type=\"number\" name=\"Broj-stranica\" \/><\/span> <\/label><\/div>\n\n<div style=\"margin-top: 20px;\"><label> Wie viele Produkte m\u00f6chten Sie ungef\u00e4hr im Gesch\u00e4ft haben?\n    <span class=\"wpcf7-form-control-wrap\" data-name=\"Broj-proizvoda\"><input class=\"wpcf7-form-control wpcf7-number wpcf7-validates-as-number\" min=\"1\" max=\"100000\" aria-invalid=\"false\" value=\"\" type=\"number\" name=\"Broj-proizvoda\" \/><\/span> <\/label><\/div>\n\n<div style=\"margin-top: 20px;\"><label> Seitenbeschreibung\n    <span class=\"wpcf7-form-control-wrap\" data-name=\"opis-sajta\"><textarea cols=\"40\" rows=\"10\" maxlength=\"2000\" class=\"wpcf7-form-control wpcf7-textarea\" aria-invalid=\"false\" name=\"opis-sajta\"><\/textarea><\/span> <\/label><\/div>\n\n<div style=\"margin-top: 50px;\"><input class=\"wpcf7-form-control wpcf7-submit has-spinner\" type=\"submit\" value=\"Senden\" \/><\/div><div class=\"wpcf7-response-output\" aria-hidden=\"true\"><\/div>\n<\/form>\n<\/div>\n\t\t\t\t<\/div>\n\t\t\t\t<\/div>\n\t\t\t\t\t<\/div>\n\t\t<\/div>\n\t\t\t\t\t<\/div><\/div>\r\n\t\t<\/section>\r\n\t\t\t\t<section class=\"elementor-section elementor-top-section elementor-element elementor-element-8a44d43 elementor-section-boxed elementor-section-height-default elementor-section-height-default\" data-id=\"8a44d43\" data-element_type=\"section\">\r\n\t\t\t\t\t\t<div class=\"elementor-container elementor-column-gap-thegem\"><div class=\"elementor-row\">\r\n\t\t\t\t\t<div class=\"elementor-column elementor-col-100 elementor-top-column elementor-element elementor-element-b4348f2\" data-id=\"b4348f2\" data-element_type=\"column\">\n\t\t\t<div class=\"elementor-widget-wrap elementor-element-populated\">\n\t\t\t\t\t\t<div class=\"elementor-element elementor-element-f091fc5 flex-horizontal-align-default flex-horizontal-align-tablet-default flex-horizontal-align-mobile-default flex-vertical-align-default flex-vertical-align-tablet-default flex-vertical-align-mobile-default elementor-widget elementor-widget-thegem-styled-textbox\" data-id=\"f091fc5\" data-element_type=\"widget\" data-settings=\"{&quot;thegem_elementor_preset&quot;:&quot;basic&quot;}\" data-widget_type=\"thegem-styled-textbox.default\">\n\t\t\t\t<div class=\"elementor-widget-container\">\n\t\t\t\t\t\n<div class=\"gem-textbox styled-textbox-basic\">\n\n\t\n\t\t<div class=\"gem-textbox-top gem-textbox-top-none default-fill\">\n\t\t\t\t\t<\/div>\n\t\n\t<div class=\"gem-textbox-inner\">\n\n\t\t<div class=\"gem-textbox-content default-background icon-top gem-textbox-icon-image-wrapping-none\">\n\n\t\t\t\t\t\t\t<div class=\"gem-texbox-icon-image-wrapper\">\n\n\t\t\t\t\t\t\t\t\t\t\t<div class=\"icon-top \">\n\t\t\t\t\t\t\t<div class=\"gem-textbox-icon\">\n\t\t\t\t\t\t\t\t<div class=\"elementor-icon\">\n\t\t\t\t\t\t\t\t\t<i aria-hidden=\"true\" class=\"far fa-bell\"><\/i>\t\t\t\t\t\t\t\t<\/div>\n\t\t\t\t\t\t\t<\/div>\n\t\t\t\t\t\t<\/div>\n\t\t\t\t\t\n\t\t\t\t\t\n\t\t\t\t<\/div>\n\t\t\t\n\t\t\t<div class=\"gem-texbox-text-wrapper\">\n\n\t\t\t\t\t\t\t\t\t\n\t\t\t\t\t\t<h4 class=\"gem-textbox-title title-h4 bold\">\n\t\t\t\t\t\t\tNotiz\t\t\t\t\t\t<\/h4>\n\n\t\t\t\t\t\n\t\t\t\t\t\n\t\t\t\t\t\t<div class=\"gem-textbox-description gem-text-output\">\n\t\t\t\t\t\t\t<ul><li style=\"text-align: left\"><strong>Bitte \u00fcberpr\u00fcfen Sie Ihren Inhalt sorgf\u00e4ltig, bevor Sie ihn an uns \u00fcbermitteln, denn nachtr\u00e4gliche Korrekturen sind kostenpflichtig.<\/strong><\/li><li style=\"text-align: left\"><strong>Wenn Sie den Inhalt zur Verf\u00fcgung stellen, sind wir nicht verpflichtet, Ihren Text Korrektur zu lesen, auch wenn er grammatikalisch fehlerhaft ist.<\/strong><\/li><li style=\"text-align: left\"><strong>Das Korrekturlesen und das Verfassen von Inhalten durch Experten wird zus\u00e4tzlich berechnet, wobei der Preis von Art und Umfang des Textes abh\u00e4ngt.<\/strong><\/li><li style=\"text-align: left\"><strong>Sie sind verpflichtet, das Material (Texte, Bilder oder eine Auswahl eines geeigneten WordPress-Themas) innerhalb einer angemessenen Frist zu liefern).<\/strong><\/li><li style=\"text-align: left\"><strong>Wir beginnen mit der Entwicklung der Website, sobald Sie 30% des Paketpreises bezahlt haben.<\/strong><\/li><li style=\"text-align: left\"><strong>Wenn Sie Material f\u00fcr eventuelle Korrekturen auf der Website zur Verf\u00fcgung stellen, beachten Sie bitte, dass dies nicht sofort m\u00f6glich ist, sondern innerhalb eines angemessenen Zeitrahmens von 3 bis 5 Tagen geschehen kann.<\/strong><\/li><li style=\"text-align: left\"><strong>Wenn wir mit der Entwicklung Ihrer Website beginnen und sich das Projekt aufgrund der nicht rechtzeitig eingereichten Materialien um mehr als 2 Monate verz\u00f6gert, m\u00fcssen wir uns auf zus\u00e4tzliche Kosten einigen.<\/strong><\/li><li style=\"text-align: left\"><strong>Das Logo-Design wird separat berechnet. Der Preis h\u00e4ngt von der Komplexit\u00e4t ab. Ein Logo ist f\u00fcr die Website nicht zwingend erforderlich.<\/strong><\/li><li style=\"text-align: left\"><strong>Auf jeder fertiggestellten Website werden wir in der Fu\u00dfzeile einen Link zu unserer Website platzieren.<\/strong><\/li><\/ul>\t\t\t\t\t\t<\/div>\n\n\t\t\t\t\t\n\t\t\t\t\n\t\t\t\t\n\t\t\t<\/div>\n\n\t\t<\/div>\n\n\t<\/div>\n\n\t\n\t\t<div class=\"gem-textbox-bottom gem-textbox-bottom-none default-fill\">\n\t\t\t\t<\/div>\n\t\n\t\n<\/div>\n\t\t\t\t<\/div>\n\t\t\t\t<\/div>\n\t\t\t\t\t<\/div>\n\t\t<\/div>\n\t\t\t\t\t<\/div><\/div>\r\n\t\t<\/section>\r\n\t\t\t\t<\/div>\n\t\t","protected":false},"excerpt":{"rendered":"<p>0 + Abgeschlossene Projekte PREISE F\u00fcllen Sie das folgende Formular aus, um uns ungef\u00e4hre Angaben zu der von Ihnen gew\u00fcnschten&#8230;<\/p>\n","protected":false},"author":1,"featured_media":0,"parent":0,"menu_order":1,"comment_status":"closed","ping_status":"closed","template":"page-fullwidth.php","meta":{"footnotes":""},"class_list":["post-7229","page","type-page","status-publish"],"aioseo_notices":[],"_links":{"self":[{"href":"https:\/\/dragzini.com\/de\/wp-json\/wp\/v2\/pages\/7229","targetHints":{"allow":["GET"]}}],"collection":[{"href":"https:\/\/dragzini.com\/de\/wp-json\/wp\/v2\/pages"}],"about":[{"href":"https:\/\/dragzini.com\/de\/wp-json\/wp\/v2\/types\/page"}],"author":[{"embeddable":true,"href":"https:\/\/dragzini.com\/de\/wp-json\/wp\/v2\/users\/1"}],"replies":[{"embeddable":true,"href":"https:\/\/dragzini.com\/de\/wp-json\/wp\/v2\/comments?post=7229"}],"version-history":[{"count":14,"href":"https:\/\/dragzini.com\/de\/wp-json\/wp\/v2\/pages\/7229\/revisions"}],"predecessor-version":[{"id":7332,"href":"https:\/\/dragzini.com\/de\/wp-json\/wp\/v2\/pages\/7229\/revisions\/7332"}],"wp:attachment":[{"href":"https:\/\/dragzini.com\/de\/wp-json\/wp\/v2\/media?parent=7229"}],"curies":[{"name":"wp","href":"https:\/\/api.w.org\/{rel}","templated":true}]}}