{"id":7253,"date":"2020-11-03T20:42:54","date_gmt":"2020-11-03T19:42:54","guid":{"rendered":"https:\/\/dragzini.com\/ueber-uns\/"},"modified":"2025-10-10T18:09:57","modified_gmt":"2025-10-10T16:09:57","slug":"ueber-uns","status":"publish","type":"page","link":"https:\/\/dragzini.com\/de\/ueber-uns\/","title":{"rendered":"\u00dcber uns"},"content":{"rendered":"\t\t<div data-elementor-type=\"wp-page\" data-elementor-id=\"7253\" class=\"elementor elementor-7253 elementor-7025\">\n\t\t\t\t\t\t<main class=\"elementor-section elementor-top-section elementor-element elementor-element-d35add0 elementor-section-full_width responsive-page elementor-section-height-default elementor-section-height-default\" data-id=\"d35add0\" data-element_type=\"section\" data-settings=\"{&quot;background_background&quot;:&quot;classic&quot;}\">\r\n\t\t\t\t\t\t<div class=\"elementor-container elementor-column-gap-no\"><div class=\"elementor-row\">\r\n\t\t\t\t\t<div class=\"elementor-column elementor-col-50 elementor-top-column elementor-element elementor-element-8ec4a3b\" data-id=\"8ec4a3b\" data-element_type=\"column\">\n\t\t\t<div class=\"elementor-widget-wrap elementor-element-populated\">\n\t\t\t\t\t\t<div class=\"elementor-element elementor-element-0f66ab3 flex-horizontal-align-default flex-horizontal-align-tablet-default flex-horizontal-align-mobile-default flex-vertical-align-default flex-vertical-align-tablet-default flex-vertical-align-mobile-default elementor-widget elementor-widget-thegem-styledimage\" data-id=\"0f66ab3\" data-element_type=\"widget\" data-settings=\"{&quot;image&quot;:{&quot;url&quot;:&quot;https:\\\/\\\/dragzini.com\\\/wp-content\\\/uploads\\\/2020\\\/11\\\/2.jpg&quot;,&quot;id&quot;:&quot;3510&quot;,&quot;size&quot;:&quot;&quot;},&quot;thegem_elementor_preset&quot;:&quot;default&quot;,&quot;image_position&quot;:&quot;left&quot;}\" data-widget_type=\"thegem-styledimage.default\">\n\t\t\t\t<div class=\"elementor-widget-container\">\n\t\t\t\t\t\n<div class=\"styled-image-wrapper\">\n\t\t\t<div class=\"gem-image gem-wrapbox gem-wrapbox-default gem-wrapbox-position-left lazy-loading \">\n\t\t\t<div class=\"gem-wrapbox-inner  lazy-loading-item\"  data-ll-effect=\"move-up\">\n\t\t\t\t\t\t\t\t\t<img class=\"gem-wrapbox-element img-responsive \"\n\t\t\t\t\t\t src=\"https:\/\/dragzini.com\/wp-content\/uploads\/2020\/11\/2.jpg\"\n\t\t\t\t\t\t alt=\"2 (Demo)\">\n\t\t\t\t\t\t\t\t<\/div>\n\t\t<\/div>\n\t\t<\/div>\n\n\n\t\n\t\t\t\t\t\t<\/div>\n\t\t\t\t<\/div>\n\t\t\t\t\t<\/div>\n\t\t<\/div>\n\t\t\t\t<div class=\"elementor-column elementor-col-50 elementor-top-column elementor-element elementor-element-1dab0c8\" data-id=\"1dab0c8\" data-element_type=\"column\">\n\t\t\t<div class=\"elementor-widget-wrap elementor-element-populated\">\n\t\t\t\t\t\t<div class=\"elementor-element elementor-element-9736697 elementor-widget__width-initial flex-horizontal-align-default flex-horizontal-align-tablet-default flex-horizontal-align-mobile-default flex-vertical-align-default flex-vertical-align-tablet-default flex-vertical-align-mobile-default elementor-widget elementor-widget-thegem-counter\" data-id=\"9736697\" data-element_type=\"widget\" data-settings=\"{&quot;thegem_elementor_preset&quot;:&quot;counter-preset1&quot;,&quot;counter_animation_enabled&quot;:&quot;yes&quot;}\" data-widget_type=\"thegem-counter.default\">\n\t\t\t\t<div class=\"elementor-widget-container\">\n\t\t\t\t\t\n\t\t<div class=\"counter-preset1\">\n\t\t\t<div class=\"gem-counter-container\">\n\n                <div class=\"preloader\"><div class=\"preloader-spin\"><\/div><\/div>\n\n\t\t\t\t\n\n<div data-number-format=\"(ddd).ddd\" class=\"gem-counter-box\">\n\t<div class=\"gem-counter\">\n\t\t<div class=\"gem-counter-inner\">\n\t\t\t\t\t\t<div class=\"gem-counter-number\">\n\t\t\t\t<div class=\"gem-counter-odometer odometer odometer-auto-theme\" data-to=\"12\">\n\t\t\t\t\t\t\t\t\t\t\t0\t\t\t\t\t\t\t\t\t<\/div>\n\t\t\t\t\t\t\t<\/div>\n\t\t\t<div class=\"gem-counter-text styled-subtitle\">\n\t\t\t\tlangj\u00e4hrige Erfahrung\t\t\t<\/div>\n\t\t<\/div>\n\t<\/div>\n\t<\/div>\t\t\t<\/div>\n\t\t<\/div>\n\n\t\t\t\t\t\t<\/div>\n\t\t\t\t<\/div>\n\t\t\t\t<div class=\"elementor-element elementor-element-b62fe48 elementor-widget__width-initial flex-horizontal-align-default flex-horizontal-align-tablet-default flex-horizontal-align-mobile-default flex-vertical-align-default flex-vertical-align-tablet-default flex-vertical-align-mobile-default elementor-widget elementor-widget-thegem-counter\" data-id=\"b62fe48\" data-element_type=\"widget\" data-settings=\"{&quot;thegem_elementor_preset&quot;:&quot;counter-preset1&quot;,&quot;counter_animation_enabled&quot;:&quot;yes&quot;}\" data-widget_type=\"thegem-counter.default\">\n\t\t\t\t<div class=\"elementor-widget-container\">\n\t\t\t\t\t\n\t\t<div class=\"counter-preset1\">\n\t\t\t<div class=\"gem-counter-container\">\n\n                <div class=\"preloader\"><div class=\"preloader-spin\"><\/div><\/div>\n\n\t\t\t\t\n\n<div data-number-format=\"(ddd).ddd\" class=\"gem-counter-box\">\n\t<div class=\"gem-counter\">\n\t\t<div class=\"gem-counter-inner\">\n\t\t\t\t\t\t<div class=\"gem-counter-number\">\n\t\t\t\t<div class=\"gem-counter-odometer odometer odometer-auto-theme\" data-to=\"100\">\n\t\t\t\t\t\t\t\t\t\t\t0\t\t\t\t\t\t\t\t\t<\/div>\n\t\t\t\t\t\t\t\t\t<div class=\"gem-counter-suffix \">\n\t\t\t\t\t\t+\t\t\t\t\t<\/div>\n\t\t\t\t\t\t\t<\/div>\n\t\t\t<div class=\"gem-counter-text styled-subtitle\">\n\t\t\t\tabgeschlossene Projekte\t\t\t<\/div>\n\t\t<\/div>\n\t<\/div>\n\t<\/div>\t\t\t<\/div>\n\t\t<\/div>\n\n\t\t\t\t\t\t<\/div>\n\t\t\t\t<\/div>\n\t\t\t\t\t<\/div>\n\t\t<\/div>\n\t\t\t\t\t<\/div><\/div>\r\n\t\t<\/main>\r\n\t\t\t\t<section class=\"elementor-section elementor-top-section elementor-element elementor-element-2e86d1d1 elementor-section-boxed elementor-section-height-default elementor-section-height-default\" data-id=\"2e86d1d1\" data-element_type=\"section\" data-settings=\"{&quot;background_background&quot;:&quot;classic&quot;}\">\r\n\t\t\t\t\t\t<div class=\"elementor-container elementor-column-gap-thegem\"><div class=\"elementor-row\">\r\n\t\t\t\t\t<div class=\"elementor-column elementor-col-50 elementor-top-column elementor-element elementor-element-2c7bee6e\" data-id=\"2c7bee6e\" data-element_type=\"column\">\n\t\t\t<div class=\"elementor-widget-wrap elementor-element-populated\">\n\t\t\t\t\t\t<div class=\"elementor-element elementor-element-320d692f flex-horizontal-align-default flex-horizontal-align-tablet-default flex-horizontal-align-mobile-default flex-vertical-align-default flex-vertical-align-tablet-default flex-vertical-align-mobile-default elementor-widget elementor-widget-heading\" data-id=\"320d692f\" data-element_type=\"widget\" data-widget_type=\"heading.default\">\n\t\t\t\t<div class=\"elementor-widget-container\">\n\t\t\t\t\t<div class=\"styled-subtitle elementor-heading-title elementor-size-default\">\u00dcBER UNS\n<\/div>\t\t\t\t<\/div>\n\t\t\t\t<\/div>\n\t\t\t\t<div class=\"elementor-element elementor-element-62528608 flex-horizontal-align-default flex-horizontal-align-tablet-default flex-horizontal-align-mobile-default flex-vertical-align-default flex-vertical-align-tablet-default flex-vertical-align-mobile-default elementor-widget elementor-widget-heading\" data-id=\"62528608\" data-element_type=\"widget\" data-widget_type=\"heading.default\">\n\t\t\t\t<div class=\"elementor-widget-container\">\n\t\t\t\t\t<div class=\"title-h2 elementor-heading-title elementor-size-default\">DRAGZINI\n<\/div>\t\t\t\t<\/div>\n\t\t\t\t<\/div>\n\t\t\t\t<div class=\"elementor-element elementor-element-62dcb1cd flex-horizontal-align-default flex-horizontal-align-tablet-default flex-horizontal-align-mobile-default flex-vertical-align-default flex-vertical-align-tablet-default flex-vertical-align-mobile-default elementor-widget elementor-widget-text-editor\" data-id=\"62dcb1cd\" data-element_type=\"widget\" data-widget_type=\"text-editor.default\">\n\t\t\t\t<div class=\"elementor-widget-container\">\n\t\t\t\t\t\t\t\t\t\t\t\t<div class=\"elementor-text-editor elementor-clearfix\">\r\n\t\t\t\t\t\t<p class=\"fusion-responsive-typography-calculated\" data-fontsize=\"18\" data-lineheight=\"27px\">Wir sind ein Team von Ingenieuren mit Erfahrung in den Bereichen IT, Computer, Elektronik und Telekommunikation. Wir bieten eine Komplettl\u00f6sung f\u00fcr die Internetpr\u00e4sentation Ihres Unternehmens, einen Online-Shop, eine virtuelle Tour, Internet-Marketing,&#8230;   <\/p>\t\t\t\t\t\t\t<\/div>\r\n\t\t\t\t\t\t\t\t\t\t<\/div>\n\t\t\t\t<\/div>\n\t\t\t\t\t<\/div>\n\t\t<\/div>\n\t\t\t\t<div class=\"elementor-column elementor-col-50 elementor-top-column elementor-element elementor-element-38074725\" data-id=\"38074725\" data-element_type=\"column\">\n\t\t\t<div class=\"elementor-widget-wrap elementor-element-populated\">\n\t\t\t\t\t\t<div class=\"elementor-element elementor-element-51365d99 flex-horizontal-align-default flex-horizontal-align-tablet-default flex-horizontal-align-mobile-default flex-vertical-align-default flex-vertical-align-tablet-default flex-vertical-align-mobile-default elementor-widget elementor-widget-thegem-styledimage\" data-id=\"51365d99\" data-element_type=\"widget\" data-settings=\"{&quot;image&quot;:{&quot;url&quot;:&quot;https:\\\/\\\/dragzini.com\\\/wp-content\\\/uploads\\\/2020\\\/11\\\/4.jpg&quot;,&quot;id&quot;:&quot;70&quot;,&quot;size&quot;:&quot;&quot;},&quot;thegem_elementor_preset&quot;:&quot;default&quot;,&quot;image_position&quot;:&quot;left&quot;}\" data-widget_type=\"thegem-styledimage.default\">\n\t\t\t\t<div class=\"elementor-widget-container\">\n\t\t\t\t\t\n<div class=\"styled-image-wrapper\">\n\t\t\t<div class=\"gem-image gem-wrapbox gem-wrapbox-default gem-wrapbox-position-left lazy-loading \">\n\t\t\t<div class=\"gem-wrapbox-inner  lazy-loading-item\"  data-ll-effect=\"move-up\">\n\t\t\t\t\t\t\t\t\t<img class=\"gem-wrapbox-element img-responsive \"\n\t\t\t\t\t\t src=\"https:\/\/dragzini.com\/wp-content\/uploads\/2020\/11\/4.jpg\"\n\t\t\t\t\t\t alt=\"4 (Demo)\">\n\t\t\t\t\t\t\t\t<\/div>\n\t\t<\/div>\n\t\t<\/div>\n\n\n\t\n\t\t\t\t\t\t<\/div>\n\t\t\t\t<\/div>\n\t\t\t\t\t<\/div>\n\t\t<\/div>\n\t\t\t\t\t<\/div><\/div>\r\n\t\t<\/section>\r\n\t\t\t\t<section class=\"elementor-section elementor-top-section elementor-element elementor-element-5445524 elementor-section-boxed elementor-section-height-default elementor-section-height-default\" data-id=\"5445524\" data-element_type=\"section\">\r\n\t\t\t\t\t\t<div class=\"elementor-container elementor-column-gap-thegem\"><div class=\"elementor-row\">\r\n\t\t\t\t\t<div class=\"elementor-column elementor-col-100 elementor-top-column elementor-element elementor-element-8e081c8\" data-id=\"8e081c8\" data-element_type=\"column\">\n\t\t\t<div class=\"elementor-widget-wrap elementor-element-populated\">\n\t\t\t\t\t\t<div class=\"elementor-element elementor-element-81306ab flex-horizontal-align-default flex-horizontal-align-tablet-default flex-horizontal-align-mobile-default flex-vertical-align-default flex-vertical-align-tablet-default flex-vertical-align-mobile-default elementor-widget elementor-widget-heading\" data-id=\"81306ab\" data-element_type=\"widget\" data-widget_type=\"heading.default\">\n\t\t\t\t<div class=\"elementor-widget-container\">\n\t\t\t\t\t<div class=\"styled-subtitle elementor-heading-title elementor-size-default\">TESTIMONIALS<\/div>\t\t\t\t<\/div>\n\t\t\t\t<\/div>\n\t\t\t\t<div class=\"elementor-element elementor-element-ed34fdc elementor-widget__width-initial flex-horizontal-align-default flex-horizontal-align-tablet-default flex-horizontal-align-mobile-default flex-vertical-align-default flex-vertical-align-tablet-default flex-vertical-align-mobile-default elementor-widget elementor-widget-heading\" data-id=\"ed34fdc\" data-element_type=\"widget\" data-widget_type=\"heading.default\">\n\t\t\t\t<div class=\"elementor-widget-container\">\n\t\t\t\t\t<div class=\"title-h2 elementor-heading-title elementor-size-default\">Unsere Kunden \u00fcber uns<\/div>\t\t\t\t<\/div>\n\t\t\t\t<\/div>\n\t\t\t\t<div class=\"elementor-element elementor-element-4cc814a flex-horizontal-align-default flex-horizontal-align-tablet-default flex-horizontal-align-mobile-default flex-vertical-align-default flex-vertical-align-tablet-default flex-vertical-align-mobile-default elementor-widget elementor-widget-thegem-testimonials\" data-id=\"4cc814a\" data-element_type=\"widget\" data-settings=\"{&quot;content_testimonials_cat&quot;:[&quot;testimonials-en&quot;],&quot;skin_source&quot;:&quot;default&quot;,&quot;thegem_elementor_preset&quot;:&quot;style1&quot;,&quot;content_elems_img&quot;:&quot;yes&quot;,&quot;content_elems_name&quot;:&quot;yes&quot;,&quot;content_elems_position&quot;:&quot;yes&quot;,&quot;content_elems_company&quot;:&quot;yes&quot;}\" data-widget_type=\"thegem-testimonials.default\">\n\t\t\t\t<div class=\"elementor-widget-container\">\n\t\t\t\t\t\n\t\t\t<div class=\"preloader\">\n\t\t\t\t<div class=\"preloader-spin\"><\/div>\n\t\t\t<\/div>\n\t\t\t\n\t\t\t<div class=\"style1 gem-testimonials\n\t\t\tfullwidth-block\t\t\t\"\n\t\t\t >\n\t\t\t\n\t\t\t\t\t\t\t<style>.gem-testimonials-navigation{display: block;}<\/style>\n\t\t\t\n\t\t\t\t\n<div id=\"post-7028\" class=\"gem-testimonial-item post-7028 thegem_testimonial type-thegem_testimonial status-publish\">\n\t\t\t<div class=\"gem-testimonial-wrapper   quote-color-added \">\n\n\t\t\t\n\t\t\t<div class=\"gem-testimonial-content\">\n\n\t\t\t\t\t\t\t<div class=\"gem-testimonial-name title-h6\">Miomir Milic<\/div>\t\t\t\n\t\t\t\t\t\t\t<div class=\"gem-testimonial-company\">Hot Kiss Plus<\/div>\t\t\t\n\t\t\t\n\t\t\t\t<div class=\"gem-testimonial-text\">\n\t\t\t\t\t<p>Excellently done online store. All recommendations.<\/p>\n\t\t\t\t<\/div>\n\t\t\t<\/div>\n\t<\/div>\n\n\t<\/div>\n<div id=\"post-7029\" class=\"gem-testimonial-item post-7029 thegem_testimonial type-thegem_testimonial status-publish\">\n\t\t\t<div class=\"gem-testimonial-wrapper   quote-color-added \">\n\n\t\t\t\n\t\t\t<div class=\"gem-testimonial-content\">\n\n\t\t\t\t\t\t\t<div class=\"gem-testimonial-name title-h6\">B. Trifunovi\u0107<\/div>\t\t\t\n\t\t\t\t\t\t\t<div class=\"gem-testimonial-company\">Dental Medical<\/div>\t\t\t\n\t\t\t\n\t\t\t\t<div class=\"gem-testimonial-text\">\n\t\t\t\t\t<p>I am very pleased with the website development for my clinic.<\/p>\n\t\t\t\t<\/div>\n\t\t\t<\/div>\n\t<\/div>\n\n\t<\/div>\n<div id=\"post-7030\" class=\"gem-testimonial-item post-7030 thegem_testimonial type-thegem_testimonial status-publish\">\n\t\t\t<div class=\"gem-testimonial-wrapper   quote-color-added \">\n\n\t\t\t\n\t\t\t<div class=\"gem-testimonial-content\">\n\n\t\t\t\t\t\t\t<div class=\"gem-testimonial-name title-h6\">Milan Jovic<\/div>\t\t\t\n\t\t\t\t\t\t\t<div class=\"gem-testimonial-company\">My-shop<\/div>\t\t\t\n\t\t\t\n\t\t\t\t<div class=\"gem-testimonial-text\">\n\t\t\t\t\t<p>Long-term cooperation with &#8222;dragzini&#8220; helped us to double the sales on our online store. All recommendations for cooperation.<\/p>\n\t\t\t\t<\/div>\n\t\t\t<\/div>\n\t<\/div>\n\n\t<\/div>\n\t\t\t\t\t\t\t\t\t<div class=\"testimonials_svg\"><svg width=\"100\" height=\"50\"><path d=\"M 0,-1 Q 45,5 50,50 Q 55,5 100,-1\" \/><\/svg><\/div>\n\t\t\t\t\n\t\t\t<\/div>\n\n\t\t\t \n\n\n\n\t\t\t\t\t\t<\/div>\n\t\t\t\t<\/div>\n\t\t\t\t\t<\/div>\n\t\t<\/div>\n\t\t\t\t\t<\/div><\/div>\r\n\t\t<\/section>\r\n\t\t\t\t<\/div>\n\t\t","protected":false},"excerpt":{"rendered":"<p>0 langj\u00e4hrige Erfahrung 0 + abgeschlossene Projekte \u00dcBER UNS DRAGZINI Wir sind ein Team von Ingenieuren mit Erfahrung in den&#8230;<\/p>\n","protected":false},"author":1,"featured_media":0,"parent":0,"menu_order":1,"comment_status":"closed","ping_status":"closed","template":"page-fullwidth.php","meta":{"footnotes":""},"class_list":["post-7253","page","type-page","status-publish"],"aioseo_notices":[],"_links":{"self":[{"href":"https:\/\/dragzini.com\/de\/wp-json\/wp\/v2\/pages\/7253","targetHints":{"allow":["GET"]}}],"collection":[{"href":"https:\/\/dragzini.com\/de\/wp-json\/wp\/v2\/pages"}],"about":[{"href":"https:\/\/dragzini.com\/de\/wp-json\/wp\/v2\/types\/page"}],"author":[{"embeddable":true,"href":"https:\/\/dragzini.com\/de\/wp-json\/wp\/v2\/users\/1"}],"replies":[{"embeddable":true,"href":"https:\/\/dragzini.com\/de\/wp-json\/wp\/v2\/comments?post=7253"}],"version-history":[{"count":1,"href":"https:\/\/dragzini.com\/de\/wp-json\/wp\/v2\/pages\/7253\/revisions"}],"predecessor-version":[{"id":7265,"href":"https:\/\/dragzini.com\/de\/wp-json\/wp\/v2\/pages\/7253\/revisions\/7265"}],"wp:attachment":[{"href":"https:\/\/dragzini.com\/de\/wp-json\/wp\/v2\/media?parent=7253"}],"curies":[{"name":"wp","href":"https:\/\/api.w.org\/{rel}","templated":true}]}}