{"id":7276,"date":"2023-01-14T10:13:38","date_gmt":"2023-01-14T09:13:38","guid":{"rendered":"https:\/\/dragzini.com\/datenschutzbestimmungen\/"},"modified":"2025-10-10T18:39:10","modified_gmt":"2025-10-10T16:39:10","slug":"datenschutzbestimmungen","status":"publish","type":"page","link":"https:\/\/dragzini.com\/de\/datenschutzbestimmungen\/","title":{"rendered":"Datenschutzbestimmungen"},"content":{"rendered":"\n<h2 class=\"wp-block-heading\">Wer sind wir?<\/h2>\n\n<p>Unsere Website-Adresse lautet: https:\/\/dragzini.com.<\/p>\n\n<h2 class=\"wp-block-heading\">Welche pers\u00f6nlichen Daten wir sammeln und warum wir sie sammeln?<br\/><\/h2>\n\n<h3 class=\"wp-block-heading\">Kommentare<\/h3>\n\n<p>Wenn Besucher Kommentare auf einer Website hinterlassen, sammeln wir die im Kommentarformular angezeigten Informationen sowie die IP-Adresse des Besuchers und den Low User Agent seines Webbrowsers, um den Junk zu erkennen. Eine anonymisierte Zeichenkette, die aus Ihrer E-Mail-Adresse erstellt wird (auch Hash genannt), kann an Gravatar \u00fcbermittelt werden, um zu sehen, ob Sie es verwenden. Die Datenschutzbestimmungen von Gravatar finden Sie hier: https:\/\/automattic.com\/privacy\/. Sobald Ihr Kommentar genehmigt wurde, ist Ihr Profilbild im Rahmen Ihres Kommentars f\u00fcr die \u00d6ffentlichkeit sichtbar.  <\/p>\n\n<h3 class=\"wp-block-heading\">Der Inhalt<\/h3>\n\n<p>Wenn Sie Bilder auf eine Website hochladen, sollten Sie das Hochladen von Bildern mit verschachtelten Standortdaten (EXIF-GPS) vermeiden. Website-Besucher k\u00f6nnen Standortdaten von Bildern auf der Website herunterladen und abrufen. <\/p>\n\n<h3 class=\"wp-block-heading\">Cookies<\/h3>\n\n<p>Wenn Sie einen Kommentar auf unserer Website hinterlassen, k\u00f6nnen Sie die Speicherung Ihres Namens, Ihrer E-Mail-Adresse und Ihrer Website in Cookies ablehnen. Sie dienen Ihrer Bequemlichkeit, damit Sie Ihre Daten nicht erneut eingeben m\u00fcssen, wenn Sie einen weiteren Kommentar hinterlassen. Diese Cookies sind ein Jahr lang g\u00fcltig. Wenn Sie unsere Anmeldeseite besuchen, setzen wir ein tempor\u00e4res Cookie, um festzustellen, ob Ihr Webbrowser Cookies zul\u00e4sst. Dieses Cookie enth\u00e4lt keine pers\u00f6nlichen Informationen und wird verworfen, nachdem Sie Ihren Webbrowser geschlossen haben. Wenn Sie sich anmelden, setzen wir au\u00dferdem einige Cookies, um Ihre Anmeldeinformationen und die von Ihnen gew\u00e4hlte Bildschirmdarstellung zu speichern. Login-Cookies sind zwei Tage lang g\u00fcltig, und Cookies f\u00fcr Bildschirmfunktionen ein Jahr lang. Wenn Sie &#8222;Angemeldet bleiben&#8220; w\u00e4hlen, dauert Ihre Anmeldung zwei Wochen. Wenn Sie sich von Ihrem Konto abmelden, werden Ihre Login-Cookies entfernt. Wenn Sie einen Artikel bearbeiten oder ver\u00f6ffentlichen, wird ein zus\u00e4tzliches Cookie in Ihrem Webbrowser gespeichert. Dieses Cookie enth\u00e4lt keine pers\u00f6nlichen Informationen und gibt nur die ID des Artikels an, den Sie bearbeiten. Er verf\u00e4llt nach einem Tag.           <\/p>\n\n<h3 class=\"wp-block-heading\">Verschachtelte Inhalte von anderen Websites<\/h3>\n\n<p>Die Artikel auf dieser Website k\u00f6nnen verschachtelte Inhalte enthalten (z. B. Videos, Bilder, Artikel usw.). Verschachtelte Inhalte von anderen Websites verhalten sich genau so, als ob Ihr Besucher eine andere Website besucht h\u00e4tte. Diese Websites sammeln m\u00f6glicherweise Informationen \u00fcber Sie, verwenden Cookies, verschachteln zus\u00e4tzliches Tracking durch Dritte und \u00fcberwachen Ihre Interaktion mit diesem verschachtelten Inhalt, einschlie\u00dflich der Verfolgung Ihrer Interaktion mit verschachteltem Inhalt, wenn Sie ein Konto haben und bei dieser Website angemeldet sind.  <\/p>\n\n<h2 class=\"wp-block-heading\">Mit wem teilen wir Ihre Daten?<\/h2>\n\n<p>Wenn Sie eine Passwortr\u00fccksetzung anfordern, wird Ihre IP-Adresse in der R\u00fccksetzungs-E-Mail enthalten sein.<\/p>\n\n<h2 class=\"wp-block-heading\">Wie lange wir Ihre Daten aufbewahren<\/h2>\n\n<p>Wenn Sie einen Kommentar hinterlassen, werden dieser Kommentar und seine Metadaten auf unbestimmte Zeit gespeichert. Dies dient dazu, nachfolgende Kommentare zu erkennen und automatisch zu genehmigen, anstatt sie zur \u00dcberpr\u00fcfung in der Warteschlange zu halten. F\u00fcr Benutzer, die sich auf unseren Websites registrieren (falls vorhanden), speichern wir auch die pers\u00f6nlichen Daten, die sie in ihrem Benutzerprofil angeben. Alle Benutzer k\u00f6nnen ihre pers\u00f6nlichen Daten jederzeit einsehen, bearbeiten oder l\u00f6schen (mit der Ausnahme, dass sie ihren Benutzernamen nicht \u00e4ndern k\u00f6nnen). Auch Website-Manager k\u00f6nnen diese Informationen einsehen und bearbeiten.    <\/p>\n\n<h2 class=\"wp-block-heading\">Welche Rechte haben Sie in Bezug auf Ihre Daten?<\/h2>\n\n<p>Wenn Sie ein Konto auf dieser Website haben oder Kommentare hinterlassen haben, k\u00f6nnen Sie verlangen, dass wir eine Datei mit den exportierten personenbezogenen Daten erhalten, die wir \u00fcber Sie gespeichert haben, einschlie\u00dflich aller Informationen, die Sie uns zur Verf\u00fcgung gestellt haben. Sie k\u00f6nnen auch verlangen, dass wir alle personenbezogenen Daten, die wir \u00fcber Sie gespeichert haben, l\u00f6schen. Dies gilt nicht f\u00fcr Informationen, die wir aus administrativen, rechtlichen oder Sicherheitsgr\u00fcnden aufbewahren m\u00fcssen.  <\/p>\n\n<h2 class=\"wp-block-heading\">Wohin wir Ihre Daten senden<\/h2>\n\n<p>Besucherkommentare k\u00f6nnen durch den automatischen Spam-Erkennungsdienst \u00fcberpr\u00fcft werden.<\/p>\n","protected":false},"excerpt":{"rendered":"<p>Wer sind wir? Unsere Website-Adresse lautet: https:\/\/dragzini.com. Welche pers\u00f6nlichen Daten wir sammeln und warum wir sie sammeln? Kommentare Wenn Besucher&#8230;<\/p>\n","protected":false},"author":1,"featured_media":0,"parent":0,"menu_order":0,"comment_status":"closed","ping_status":"open","template":"","meta":{"footnotes":""},"class_list":["post-7276","page","type-page","status-publish"],"aioseo_notices":[],"_links":{"self":[{"href":"https:\/\/dragzini.com\/de\/wp-json\/wp\/v2\/pages\/7276","targetHints":{"allow":["GET"]}}],"collection":[{"href":"https:\/\/dragzini.com\/de\/wp-json\/wp\/v2\/pages"}],"about":[{"href":"https:\/\/dragzini.com\/de\/wp-json\/wp\/v2\/types\/page"}],"author":[{"embeddable":true,"href":"https:\/\/dragzini.com\/de\/wp-json\/wp\/v2\/users\/1"}],"replies":[{"embeddable":true,"href":"https:\/\/dragzini.com\/de\/wp-json\/wp\/v2\/comments?post=7276"}],"version-history":[{"count":3,"href":"https:\/\/dragzini.com\/de\/wp-json\/wp\/v2\/pages\/7276\/revisions"}],"predecessor-version":[{"id":7295,"href":"https:\/\/dragzini.com\/de\/wp-json\/wp\/v2\/pages\/7276\/revisions\/7295"}],"wp:attachment":[{"href":"https:\/\/dragzini.com\/de\/wp-json\/wp\/v2\/media?parent=7276"}],"curies":[{"name":"wp","href":"https:\/\/api.w.org\/{rel}","templated":true}]}}